{"id":10,"date":"2014-03-27T10:34:09","date_gmt":"2014-03-27T09:34:09","guid":{"rendered":"http:\/\/cows.m0o.eu\/tah.asso.fr\/?page_id=10"},"modified":"2026-04-15T17:31:48","modified_gmt":"2026-04-15T16:31:48","slug":"presentation","status":"publish","type":"page","link":"https:\/\/tah.asso.fr\/?page_id=10","title":{"rendered":"Pr\u00e9sentation"},"content":{"rendered":"<p>C&rsquo;est le 19 septembre 1977 que gr\u00e2ce \u00e0 notre \u00e9quipe d&rsquo;hommes r\u00e9solus, d\u00e9bordants de dynamisme et d&rsquo;initiatives, tous passionn\u00e9s des planches et acteurs chevronn\u00e9s qu&rsquo;a \u00e9t\u00e9 cr\u00e9\u00e9 sous la direction de<strong> <em>Paul Grosthor<\/em> <\/strong>le <strong><em>Th\u00e9\u00e2tre Alsacien de Haguenau<\/em><\/strong>.<\/p>\n<p>Une cr\u00e9ation ambitieuse pour la presse haguenovienne \u00e0 l&rsquo;\u00e9poque. Pr\u00e8s de 50 ans se sont \u00e9coul\u00e9s depuis le lever du rideau pour la premi\u00e8re du <em>\u00ab\u00a0Kaloymes\u00a0\u00bb<\/em> que le TAH pr\u00e9sentait pour la premi\u00e8re fois au public haguenovien devant une salle comble. Ce fut notre premier succ\u00e8s.<a href=\"https:\/\/tah.asso.fr\/?attachment_id=768\" rel=\"attachment wp-att-768\"><img loading=\"lazy\" decoding=\"async\" class=\"size-medium wp-image-768 alignright\" src=\"https:\/\/tah.asso.fr\/wp-content\/uploads\/2018\/10\/047-300x225.jpg\" alt=\"\" width=\"300\" height=\"225\" srcset=\"https:\/\/tah.asso.fr\/wp-content\/uploads\/2018\/10\/047-300x225.jpg 300w, https:\/\/tah.asso.fr\/wp-content\/uploads\/2018\/10\/047-768x576.jpg 768w, https:\/\/tah.asso.fr\/wp-content\/uploads\/2018\/10\/047-1024x768.jpg 1024w, https:\/\/tah.asso.fr\/wp-content\/uploads\/2018\/10\/047.jpg 1872w\" sizes=\"auto, (max-width: 300px) 100vw, 300px\" \/><\/a><\/p>\n<p>En 1978, le <strong><em>Docteur Gaston Bucher<\/em><\/strong> succ\u00e8da comme pr\u00e9sident \u00e0<strong> <em>Paul Grosthor<\/em><\/strong>. Sous sa pr\u00e9sidence, le TAH a atteint un niveau artistique qui l&rsquo;a conduit de succ\u00e8s en succ\u00e8s. Sa comp\u00e9tence, son exp\u00e9rience et ses qualit\u00e9s d&rsquo;organisateur ont contribu\u00e9 \u00e0 ce que notre troupe soit devenue l&rsquo;une des plus performantes de la r\u00e9gion.<\/p>\n<p>A son d\u00e9part, en 1991, notre vice-pr\u00e9sident <strong><em>Robert Lutz<\/em><\/strong> a accept\u00e9 sans h\u00e9siter de prendre la rel\u00e8ve \u00e0 la t\u00eate du TAH. Il a assum\u00e9 cette t\u00e2che avec une rare comp\u00e9tence et d\u00e9vouement. D\u00e9fenseur chevronn\u00e9 de nos traditions et de notre langue maternelle, il a su maintenir le TAH sur le devant de la sc\u00e8ne. En 1997, <strong><em>Robert Lutz<\/em><\/strong> a demand\u00e9 sa rel\u00e8ve, tout en restant membre du comit\u00e9 et c&rsquo;est<strong> <em>Maurice Trimol\u00e9<\/em> <\/strong>qui a accept\u00e9 la pr\u00e9sidence de l&rsquo;association. Il a poursuivi avec le m\u00eame acharnement l\u2019\u0153uvre de ses trois excellents pr\u00e9d\u00e9cesseurs.<strong> <em>Maurice Trimol\u00e9<\/em> <\/strong>a c\u00e9d\u00e9 le flambeau \u00e0 notre premi\u00e8re pr\u00e9sidente, <em><strong>Simone Luxembourg<\/strong><\/em>, elle a pr\u00e9sid\u00e9 l&rsquo;association depuis le 12 mai 2009. Elle s&rsquo;est donn\u00e9e \u00e0 c\u0153ur de garder vivante la flamme du th\u00e9\u00e2tre alsacien au sein d&rsquo;une troupe qui s&rsquo;en donne, quant \u00e0 elle, \u00e0 c\u0153ur joie !<\/p>\n<p>Depuis le 17 avril 2025, nous avons \u00e9lu un nouveau pr\u00e9sident, <em><strong>\u00c9tienne<\/strong><strong> Deutschmann<\/strong><\/em>.<\/p>\n<p>Le <strong><em>Th\u00e9\u00e2tre Alsacien de Haguenau<\/em><\/strong> se compose d&rsquo;une soixantaine de membres, dont une vingtaine d&rsquo;acteurs, les autres membres se chargeant de l&rsquo;encadrement technique ou administratif.<\/p>\n<blockquote><p><strong>Les temps forts de notre activit\u00e9 pass\u00e9e :<\/strong><\/p>\n<ul>\n<li>11 d\u00e9cembre 1981 : FOYER DU THEATRE DE HAGUENAU &#8211;\u00a0Soir\u00e9e po\u00e9tique et musicale<\/li>\n<li>25 f\u00e9vrier 1983 : SALLE DE LA DOUANE DE HAGUENAU &#8211;\u00a0Soir\u00e9e po\u00e9tique et musicale retransmise int\u00e9gralement par FR3 en avril 1983 lors de la journ\u00e9e nationale de la po\u00e9sie.<\/li>\n<li>05 mai 1982 : DISTINCTION &#8211; Prix litt\u00e9raire autofinanc\u00e9 ce qui nous a permis de d\u00e9couvrir Raymond WEISSENBURGER et Huguette DREIKAUS.<\/li>\n<li>1984 : DISTINCTION &#8211; Prix de la meilleure mise en sc\u00e8ne, par l&rsquo;Association Culturelle Technique d&rsquo;Alsace pour la pi\u00e8ce d&rsquo;ERCKMANN-CHATRIAN <strong>\u00ab\u00a0De Polnish Jud\u00a0\u00bb<\/strong>.<\/li>\n<li>24.06.1988 : SALLE DE LA DOUANE DE HAGUENAU &#8211;\u00a0Soir\u00e9e po\u00e9tique et musicale<strong>\u00ab\u00a0Tee un kaltes Fleisch\u00a0\u00bb<\/strong> de Huguette DREIKAUS, retransmise sur FR3<\/li>\n<li>1989 : SALLE DE LA DOUANE DE HAGUENAU &#8211;\u00a0Spectacle au profit des aveugles dans le cadre du bicentenaire de la r\u00e9volution fran\u00e7aise, avec le pianiste Alain Carnesecca<\/li>\n<li>1999\/2001 : SALLE DE LA DOUANE DE HAGUENAU &#8211;\u00a0soir\u00e9e sketchs <strong>\u00ab\u00a0Hawenau spielt un danzt\u00a0\u00bb<\/strong>\u00a0 accompagn\u00e9e de musique et de danse alsacien (ensemble Barberousse), dont le b\u00e9n\u00e9fice est int\u00e9gralement revers\u00e9 \u00e0 des associations locales, telles que les Glycines, ou l&rsquo;AAPEI<\/li>\n<li>2004 : FOYER PAROISSIAL SAINT NICOLAS DE HAGUENAU &#8211; Repr\u00e9sentation de <strong>\u00ab\u00a0Zehn Kleini Negerle\u00a0\u00bb<\/strong> d&rsquo;apr\u00e8s l&rsquo;oeuvre d&rsquo;Agatha CHRISTIE<\/li>\n<li>05 mars 2005 : FESTIVAL <strong>\u00ab\u00a0WINTERSPIEL\u00a0\u00bb<\/strong> DE WISSEMBOURG &#8211; Repr\u00e9sentation d&rsquo;un drame en un acte de Raymond WEISSENBURGER <strong>\u00ab\u00a0De Kaarfridaa\u00a0\u00bb <\/strong>qui auparavant n&rsquo;avait \u00e9t\u00e9 mont\u00e9e qu&rsquo;une seule fois \u00e0 Guebwiller<\/li>\n<li>11 et 12 mars 2006 : FOYER PAROISSIAL SAINT NICOLAS DE HAGUENAU &#8211; Repr\u00e9sentation de\u00a0 <strong>\u00ab\u00a0De Kaarfridaa\u00a0\u00bb<\/strong> au profit du CCFD avec la participation de la chorale Sainte C\u00e9cile et de la chorale des jeunes des paroisses Saint Nicolas et Saint Joseph<\/li>\n<li>16 f\u00e9vrier 2007 : FESTIVAL<strong> \u00ab\u00a0WINTERSPIEL\u00a0\u00bb<\/strong> DE WISSEMBOURG &#8211; Repr\u00e9sentation de <strong>\u00ab\u00a0Lily\u00a0\u00bb<\/strong>, une com\u00e9die en cinq actes et en alsacien d&rsquo;apr\u00e8s<strong> \u00ab\u00a0Lily et Lily\u00a0\u00bb<\/strong> de BARILLET et GREDY<\/li>\n<li>Ao\u00fbt 2010 : FESTIVAL <strong>\u00ab\u00a0KULTUR SOMMER\u00a0\u00bb<\/strong> A B\u00dcHL &#8211; FESTIVAL<strong> \u00ab\u00a0SOMMERLIED\u00a0\u00bb<\/strong> A OHLUNGEN &#8211; Participation de Aur\u00e9lie GELDREICH dans <strong>\u00ab\u00a0Guilhem, Ala\u00efs et l&rsquo;orchestre oubli\u00e9\u00a0\u00bb<\/strong> \u00e0 l&rsquo;occasion d&rsquo;un rencontre transfrontali\u00e8re entre l&rsquo;ensemble musical de la moder et l&rsquo;orchestre Yburg Windeck de B\u00fchl<\/li>\n<li>f\u00e9vrier 2012 : FESTIVAL <strong>\u00ab\u00a0WINTERSPIEL\u00a0\u00bb<\/strong> DE WISSEMBOURG &#8211; Interpr\u00e9tation de trois sketchs de Hubert ERB (<strong>\u00ab\u00a0Reise Fever\u00a0\u00bb, \u00ab\u00a0Union conseil\u00a0\u00bb et \u00ab\u00a0Sauloch\u00a0\u00bb<\/strong>) mis en sc\u00e8ne par Jean-Jacques GELDREICH<\/li>\n<li>2 avril 2012 : CONCERT DE L&rsquo;ENSEMBLE MUSICAL DE LA MODER A SCHWEIGHOUSE &#8211; Interlude du concert avec les <strong>fr\u00e8res MARX <\/strong>(Christian MEYER, Dominique SIEDEL, Denis BECK et G\u00e9rard MAYER)<\/li>\n<li>7 et 8 mars 2014 : SALLE DU MILLENIUM DE HAGUENAU &#8211; Soir\u00e9e sketchs <strong>\u00ab\u00a0Lache met Herz\u00a0\u00bb<\/strong> mis en sc\u00e8ne par Jean-Jacques GELDREICH et entrecoup\u00e9s par des interludes musicaux interpr\u00e9t\u00e9s par l&rsquo;orchestre des Sandhaase. Le tout au profit de l&rsquo;association PRADER WILLY France<\/li>\n<li>1, 2, 8 et 9 ao\u00fbt 2015 : <strong>\u00ab\u00a0LANDESGARTENSCHAU\u00a0\u00bb<\/strong> DE LANDAU : Interpr\u00e9tation de sketchs mis en sc\u00e8ne par Jean-Jacques GELDREICH<\/li>\n<li>1 avril 2016 : FESTIVAL <strong>\u00ab\u00a0E FRIEHJOHR FER UNSERI SPROCH\u00a0\u00bb<\/strong> A LA SALLE DU MILLENIUM DE HAGUENAU &#8211; Soir\u00e9e sketchs, lectures et blagues mis en sc\u00e8ne par Jean-Jacques GELDREICH<\/li>\n<li>30 septembre et 1 octobre 2017 : SALLE DU MILLENIUM DE HAGUENAU &#8211; Soir\u00e9e cabaret <strong>\u00ab\u00a0Lumpespring bi de sandhaase\u00a0\u00bb<\/strong> mis en sc\u00e8ne par Jean-Marie STOECKEL<\/li>\n<li>15 octobre 2017 : CEREMONIE DES <strong>\u00ab\u00a0BRETZELS D&rsquo;OR\u00a0\u00bb<\/strong> AU THEATRE DE HAGUENAU &#8211; Interlude des<strong> fr\u00e8res MARX<\/strong> n\u00e9 sous la verve humoristique de Christian ROTH<\/li>\n<li>6 octobre 2023 : <strong>\u00ab\u00a0FESTIVITES\u00a0\u00bb<\/strong> DES 60<strong>\u00a0<\/strong>ANS DE JUMELAGE A LANDAU &#8211; Interpr\u00e9tation de sketchs mis en sc\u00e8ne par Christian ROTH<\/li>\n<\/ul>\n<\/blockquote>\n<p><strong>En saison, nous r\u00e9p\u00e9tons deux fois par semaine de septembre \u00e0 d\u00e9cembre pour pr\u00e9parer la pi\u00e8ce principale.<\/strong>\u00a0Celle-ci est jou\u00e9e g\u00e9n\u00e9ralement en <strong>janvier au Th\u00e9\u00e2tre de Haguenau,<\/strong>\u00a0parfois m\u00eame dans d&rsquo;autres salles. Nous jouons principalement des pi\u00e8ces d&rsquo;auteurs alsaciens contemporains, dans le plus pur style \u00ab\u00a0boulevard\u00a0\u00bb.<\/p>\n<p>Le Th\u00e9\u00e2tre Alsacien fait \u00e9galement partie du Groupement de Th\u00e9\u00e2tre du Rhin : la plus grande f\u00e9d\u00e9ration locale de th\u00e9\u00e2tre amateur.<\/p>\n","protected":false},"excerpt":{"rendered":"<p>C&rsquo;est le 19 septembre 1977 que gr\u00e2ce \u00e0 notre \u00e9quipe d&rsquo;hommes r\u00e9solus, d\u00e9bordants de dynamisme et d&rsquo;initiatives, tous passionn\u00e9s des planches et acteurs chevronn\u00e9s qu&rsquo;a \u00e9t\u00e9 cr\u00e9\u00e9 sous la direction de Paul Grosthor le Th\u00e9\u00e2tre Alsacien de Haguenau. Une cr\u00e9ation ambitieuse pour la presse haguenovienne \u00e0 l&rsquo;\u00e9poque. Pr\u00e8s de 50 ans se sont \u00e9coul\u00e9s depuis &hellip; <\/p>\n<p><a class=\"more-link btn\" href=\"https:\/\/tah.asso.fr\/?page_id=10\">Lire la suite<\/a><\/p>\n","protected":false},"author":1,"featured_media":0,"parent":0,"menu_order":0,"comment_status":"open","ping_status":"closed","template":"","meta":{"footnotes":""},"class_list":["post-10","page","type-page","status-publish","hentry","nodate","item-wrap"],"aioseo_notices":[],"_links":{"self":[{"href":"https:\/\/tah.asso.fr\/index.php?rest_route=\/wp\/v2\/pages\/10","targetHints":{"allow":["GET"]}}],"collection":[{"href":"https:\/\/tah.asso.fr\/index.php?rest_route=\/wp\/v2\/pages"}],"about":[{"href":"https:\/\/tah.asso.fr\/index.php?rest_route=\/wp\/v2\/types\/page"}],"author":[{"embeddable":true,"href":"https:\/\/tah.asso.fr\/index.php?rest_route=\/wp\/v2\/users\/1"}],"replies":[{"embeddable":true,"href":"https:\/\/tah.asso.fr\/index.php?rest_route=%2Fwp%2Fv2%2Fcomments&post=10"}],"version-history":[{"count":21,"href":"https:\/\/tah.asso.fr\/index.php?rest_route=\/wp\/v2\/pages\/10\/revisions"}],"predecessor-version":[{"id":2171,"href":"https:\/\/tah.asso.fr\/index.php?rest_route=\/wp\/v2\/pages\/10\/revisions\/2171"}],"wp:attachment":[{"href":"https:\/\/tah.asso.fr\/index.php?rest_route=%2Fwp%2Fv2%2Fmedia&parent=10"}],"curies":[{"name":"wp","href":"https:\/\/api.w.org\/{rel}","templated":true}]}}