{"id":12,"date":"2014-03-27T10:34:33","date_gmt":"2014-03-27T09:34:33","guid":{"rendered":"http:\/\/cows.m0o.eu\/tah.asso.fr\/?page_id=12"},"modified":"2026-04-21T18:55:41","modified_gmt":"2026-04-21T17:55:41","slug":"le-trombi","status":"publish","type":"page","link":"https:\/\/tah.asso.fr\/?page_id=12","title":{"rendered":"Trombinoscope"},"content":{"rendered":"\n<p>Notre troupe compte environ une soixantaine de membres.<\/p>\n\n\n\n<div class=\"wp-block-columns are-vertically-aligned-bottom is-layout-flex wp-container-core-columns-is-layout-9d6595d7 wp-block-columns-is-layout-flex\">\n<div class=\"wp-block-column is-vertically-aligned-bottom is-layout-flow wp-block-column-is-layout-flow\" style=\"flex-basis:100%\">\n<figure class=\"wp-block-table\"><table class=\"has-fixed-layout\"><tbody><tr><td class=\"has-text-align-center\" data-align=\"center\"><img loading=\"lazy\" decoding=\"async\" width=\"120\" height=\"180\" class=\"wp-image-2238\" style=\"width: 120px;\" src=\"https:\/\/tah.asso.fr\/wp-content\/uploads\/2026\/04\/BECK-Denis.jpg\" alt=\"\"><\/td><td class=\"has-text-align-center\" data-align=\"center\"><img loading=\"lazy\" decoding=\"async\" width=\"120\" height=\"80\" class=\"wp-image-2239\" style=\"width: 120px;\" src=\"https:\/\/tah.asso.fr\/wp-content\/uploads\/2026\/04\/EICHENLAUB-Sylvie.jpg\" alt=\"\"><\/td><td class=\"has-text-align-center\" data-align=\"center\"><img loading=\"lazy\" decoding=\"async\" width=\"120\" height=\"180\" class=\"wp-image-2190\" style=\"width: 120px;\" src=\"https:\/\/tah.asso.fr\/wp-content\/uploads\/2026\/04\/BECKER-Rene.jpeg\" alt=\"\"><\/td><td class=\"has-text-align-center\" data-align=\"center\"><img loading=\"lazy\" decoding=\"async\" width=\"120\" height=\"180\" class=\"wp-image-2191\" style=\"width: 120px;\" src=\"https:\/\/tah.asso.fr\/wp-content\/uploads\/2026\/04\/DEUTSCHMANN-Etienne.jpeg\" alt=\"\"><\/td><\/tr><tr><td class=\"has-text-align-center\" data-align=\"center\">Denis<br>BECK<\/td><td class=\"has-text-align-center\" data-align=\"center\">Sylvie<br>BECK<\/td><td class=\"has-text-align-center\" data-align=\"center\">Ren\u00e9<br>BECKER<\/td><td class=\"has-text-align-center\" data-align=\"center\">Etienne<br>DEUTSCHMANN<\/td><\/tr><tr><td class=\"has-text-align-center\" data-align=\"center\"><img decoding=\"async\" class=\"wp-image-2175\" style=\"width: 120px;\" src=\"https:\/\/tah.asso.fr\/wp-content\/uploads\/2026\/04\/DEUTSCHMANN-Isabelle.jpeg\" alt=\"\">&nbsp;<\/td><td class=\"has-text-align-center\" data-align=\"center\"><img loading=\"lazy\" decoding=\"async\" width=\"120\" height=\"80\" class=\"wp-image-2240\" style=\"width: 120px;\" src=\"https:\/\/tah.asso.fr\/wp-content\/uploads\/2026\/04\/FENNINGER-Alphonse.jpg\" alt=\"\"><\/td><td class=\"has-text-align-center\" data-align=\"center\"><img loading=\"lazy\" decoding=\"async\" width=\"120\" height=\"80\" class=\"wp-image-2241\" style=\"width: 120px;\" src=\"https:\/\/tah.asso.fr\/wp-content\/uploads\/2026\/04\/FENNINGER-Marie-Therese.jpg\" alt=\"\"><\/td><td class=\"has-text-align-center\" data-align=\"center\"><figure><a href=\"https:\/\/tah.asso.fr\/?attachment_id=1882\" rel=\"attachment wp-att-1882\"><img loading=\"lazy\" decoding=\"async\" width=\"120\" height=\"180\" class=\"alignnone  wp-image-1882\" src=\"https:\/\/tah.asso.fr\/wp-content\/uploads\/2024\/10\/GELDREICH-Aurelie.jpg\" alt=\"\" style=\"width: 120px;\"><\/a><\/figure><\/td><\/tr><tr><td class=\"has-text-align-center\" data-align=\"center\">Isabelle<br>DEUTSCHMANN<\/td><td class=\"has-text-align-center\" data-align=\"center\">Alphonse<br>FENNINGER<\/td><td class=\"has-text-align-center\" data-align=\"center\">Marie-Th\u00e9r\u00e8se<br>FENNINGER<\/td><td class=\"has-text-align-center\" data-align=\"center\">Aur\u00e9lie<br>GELDREICH<\/td><\/tr><tr><td class=\"has-text-align-center\" data-align=\"center\"><img loading=\"lazy\" decoding=\"async\" width=\"120\" height=\"180\" class=\"wp-image-2193\" style=\"width: 120px;\" src=\"https:\/\/tah.asso.fr\/wp-content\/uploads\/2026\/04\/GELDREICH-Florian.jpeg\" alt=\"\"><\/td><td class=\"has-text-align-center\" data-align=\"center\"><figure><a href=\"https:\/\/tah.asso.fr\/?attachment_id=1884\" title=\"\"><img loading=\"lazy\" decoding=\"async\" width=\"120\" height=\"80\" class=\"alignnone  wp-image-1884\" src=\"https:\/\/tah.asso.fr\/wp-content\/uploads\/2024\/10\/GELDREICH-Jean-Jacques.jpg\" alt=\"\" style=\"width: 120px;\"><\/a><\/figure><\/td><td class=\"has-text-align-center\" data-align=\"center\"><figure><a href=\"https:\/\/tah.asso.fr\/?attachment_id=1885\" rel=\"attachment wp-att-1885\"><img loading=\"lazy\" decoding=\"async\" width=\"120\" height=\"80\" class=\"alignnone  wp-image-1885\" src=\"https:\/\/tah.asso.fr\/wp-content\/uploads\/2024\/10\/GELDREICH-Marie-Reine.jpg\" alt=\"\" style=\"width: 120px;\"><\/a><\/figure><\/td><td class=\"has-text-align-center\" data-align=\"center\"><figure><a href=\"https:\/\/tah.asso.fr\/?attachment_id=1886\" rel=\"attachment wp-att-1886\"><img loading=\"lazy\" decoding=\"async\" width=\"120\" height=\"180\" class=\"alignnone  wp-image-1886\" src=\"https:\/\/tah.asso.fr\/wp-content\/uploads\/2024\/10\/GELDREICH-Marine.jpg\" alt=\"\" style=\"width: 120px;\"><\/a><\/figure><\/td><\/tr><tr><td class=\"has-text-align-center\" data-align=\"center\">Florian<br>GELDREICH<\/td><td class=\"has-text-align-center\" data-align=\"center\">Jean-Jacques<br>GELDREICH<\/td><td class=\"has-text-align-center\" data-align=\"center\">Marie-Reine<br>GELDREICH<\/td><td class=\"has-text-align-center\" data-align=\"center\">Marine<br>GELDREICH<\/td><\/tr><tr><td class=\"has-text-align-center\" data-align=\"center\">&nbsp;<\/td><td class=\"has-text-align-center\" data-align=\"center\">&nbsp;<\/td><td class=\"has-text-align-center\" data-align=\"center\"><img loading=\"lazy\" decoding=\"async\" width=\"120\" height=\"180\" class=\"wp-image-2194\" style=\"width: 120px;\" src=\"https:\/\/tah.asso.fr\/wp-content\/uploads\/2026\/04\/HELLER-Regis.jpeg\" alt=\"\"><\/td><td class=\"has-text-align-center\" data-align=\"center\"><img loading=\"lazy\" decoding=\"async\" width=\"120\" height=\"180\" class=\"wp-image-2195\" style=\"width: 120px;\" src=\"https:\/\/tah.asso.fr\/wp-content\/uploads\/2026\/04\/HOERNEL-David.jpeg\" alt=\"\"><\/td><\/tr><tr><td class=\"has-text-align-center\" data-align=\"center\">Catherine<br>HELLER<\/td><td class=\"has-text-align-center\" data-align=\"center\">Martin<br>HELLER<\/td><td class=\"has-text-align-center\" data-align=\"center\">R\u00e9gis<br>HELLER<\/td><td class=\"has-text-align-center\" data-align=\"center\">David<br>HOERNEL<\/td><\/tr><tr><td class=\"has-text-align-center\" data-align=\"center\">&nbsp;<\/td><td class=\"has-text-align-center\" data-align=\"center\"><img loading=\"lazy\" decoding=\"async\" width=\"120\" height=\"80\" class=\"wp-image-2242\" style=\"width: 120px;\" src=\"https:\/\/tah.asso.fr\/wp-content\/uploads\/2026\/04\/KERN-Damien.jpg\" alt=\"\"><\/td><td class=\"has-text-align-center\" data-align=\"center\"><img loading=\"lazy\" decoding=\"async\" width=\"120\" height=\"180\" class=\"wp-image-2196\" style=\"width: 120px;\" src=\"https:\/\/tah.asso.fr\/wp-content\/uploads\/2026\/04\/KERN-Dominique.jpeg\" alt=\"\"><\/td><td class=\"has-text-align-center\" data-align=\"center\"><img loading=\"lazy\" decoding=\"async\" width=\"120\" height=\"80\" class=\"wp-image-2221\" style=\"width: 120px;\" src=\"https:\/\/tah.asso.fr\/wp-content\/uploads\/2026\/04\/KIEFER-Anne-Marie.jpg\" alt=\"\"><\/td><\/tr><tr><td class=\"has-text-align-center\" data-align=\"center\">No\u00e9mie<br>HOERNEL<\/td><td class=\"has-text-align-center\" data-align=\"center\">Damien<br>KERN<\/td><td class=\"has-text-align-center\" data-align=\"center\">Dominique<br>KERN<\/td><td class=\"has-text-align-center\" data-align=\"center\">Anne-Marie<br>KIEFER<\/td><\/tr><tr><td class=\"has-text-align-center\" data-align=\"center\"><img loading=\"lazy\" decoding=\"async\" width=\"120\" height=\"180\" class=\"wp-image-2222\" style=\"width: 120px;\" src=\"https:\/\/tah.asso.fr\/wp-content\/uploads\/2026\/04\/KIEFER-Jose.jpeg\" alt=\"\"><\/td><td class=\"has-text-align-center\" data-align=\"center\"><img loading=\"lazy\" decoding=\"async\" width=\"120\" height=\"80\" class=\"wp-image-2219\" style=\"width: 120px;\" src=\"https:\/\/tah.asso.fr\/wp-content\/uploads\/2026\/04\/JUNG-Regine.jpg\" alt=\"\"><\/td><td class=\"has-text-align-center\" data-align=\"center\"><figure><a href=\"https:\/\/tah.asso.fr\/?attachment_id=1077\" rel=\"attachment wp-att-1077\"><img loading=\"lazy\" decoding=\"async\" width=\"120\" height=\"180\" class=\"alignnone wp-image-1077\" src=\"https:\/\/tah.asso.fr\/wp-content\/uploads\/2019\/01\/KNAUBERT-Jean-Pierre-200x300.jpg\" alt=\"\" style=\"width: 120px;\" srcset=\"https:\/\/tah.asso.fr\/wp-content\/uploads\/2019\/01\/KNAUBERT-Jean-Pierre-200x300.jpg 200w, https:\/\/tah.asso.fr\/wp-content\/uploads\/2019\/01\/KNAUBERT-Jean-Pierre-768x1152.jpg 768w, https:\/\/tah.asso.fr\/wp-content\/uploads\/2019\/01\/KNAUBERT-Jean-Pierre-683x1024.jpg 683w\" sizes=\"auto, (max-width: 120px) 100vw, 120px\" \/><\/a><\/figure><\/td><td class=\"has-text-align-center\" data-align=\"center\"><figure><a href=\"https:\/\/tah.asso.fr\/?attachment_id=1078\" rel=\"attachment wp-att-1078\"><img loading=\"lazy\" decoding=\"async\" width=\"120\" height=\"180\" class=\"alignnone wp-image-1078\" src=\"https:\/\/tah.asso.fr\/wp-content\/uploads\/2019\/01\/LEBEAU-Roland-200x300.jpg\" alt=\"\" style=\"width: 120px;\" srcset=\"https:\/\/tah.asso.fr\/wp-content\/uploads\/2019\/01\/LEBEAU-Roland-200x300.jpg 200w, https:\/\/tah.asso.fr\/wp-content\/uploads\/2019\/01\/LEBEAU-Roland-768x1152.jpg 768w, https:\/\/tah.asso.fr\/wp-content\/uploads\/2019\/01\/LEBEAU-Roland-683x1024.jpg 683w\" sizes=\"auto, (max-width: 120px) 100vw, 120px\" \/><\/a><\/figure><\/td><\/tr><tr><td class=\"has-text-align-center\" data-align=\"center\">Jos\u00e9<br>KIEFER<\/td><td class=\"has-text-align-center\" data-align=\"center\">R\u00e9gine<br>KLEINMANN<\/td><td class=\"has-text-align-center\" data-align=\"center\">Jean-Pierre<br>KNAUBERT<\/td><td class=\"has-text-align-center\" data-align=\"center\">Roland<br>LEBEAU<\/td><\/tr><tr><td class=\"has-text-align-center\" data-align=\"center\"><figure><a href=\"https:\/\/tah.asso.fr\/?attachment_id=1896\" rel=\"attachment wp-att-1896\"><img loading=\"lazy\" decoding=\"async\" width=\"120\" height=\"80\" class=\"alignnone  wp-image-1896\" src=\"https:\/\/tah.asso.fr\/wp-content\/uploads\/2024\/10\/LEBEAU-Sylvie.jpg\" alt=\"\" style=\"width: 120px;\"><\/a><\/figure><\/td><td class=\"has-text-align-center\" data-align=\"center\"><figure><a href=\"https:\/\/tah.asso.fr\/?attachment_id=1118\" rel=\"attachment wp-att-1118\"><img loading=\"lazy\" decoding=\"async\" width=\"120\" height=\"180\" class=\"alignnone wp-image-1118\" src=\"https:\/\/tah.asso.fr\/wp-content\/uploads\/2019\/02\/LEY-Fabienne-200x300.jpg\" alt=\"\" style=\"width: 120px;\" srcset=\"https:\/\/tah.asso.fr\/wp-content\/uploads\/2019\/02\/LEY-Fabienne-200x300.jpg 200w, https:\/\/tah.asso.fr\/wp-content\/uploads\/2019\/02\/LEY-Fabienne-768x1152.jpg 768w, https:\/\/tah.asso.fr\/wp-content\/uploads\/2019\/02\/LEY-Fabienne-683x1024.jpg 683w\" sizes=\"auto, (max-width: 120px) 100vw, 120px\" \/><\/a><\/figure><\/td><td class=\"has-text-align-center\" data-align=\"center\"><figure><a href=\"https:\/\/tah.asso.fr\/?attachment_id=1898\" rel=\"attachment wp-att-1898\"><img loading=\"lazy\" decoding=\"async\" width=\"120\" height=\"180\" class=\"alignnone  wp-image-1898\" src=\"https:\/\/tah.asso.fr\/wp-content\/uploads\/2024\/10\/LOHR-Martine.jpg\" alt=\"\" style=\"width: 120px;\"><\/a><\/figure><\/td><td class=\"has-text-align-center\" data-align=\"center\"><figure><a href=\"https:\/\/tah.asso.fr\/?attachment_id=1081\" rel=\"attachment wp-att-1081\"><img loading=\"lazy\" decoding=\"async\" width=\"120\" height=\"180\" class=\"alignnone wp-image-1081\" src=\"https:\/\/tah.asso.fr\/wp-content\/uploads\/2019\/01\/LUXEMBOURG-Lucien-e1548937642382-200x300.jpg\" alt=\"\" style=\"width: 120px;\" srcset=\"https:\/\/tah.asso.fr\/wp-content\/uploads\/2019\/01\/LUXEMBOURG-Lucien-e1548937642382-200x300.jpg 200w, https:\/\/tah.asso.fr\/wp-content\/uploads\/2019\/01\/LUXEMBOURG-Lucien-e1548937642382-768x1152.jpg 768w, https:\/\/tah.asso.fr\/wp-content\/uploads\/2019\/01\/LUXEMBOURG-Lucien-e1548937642382-683x1024.jpg 683w\" sizes=\"auto, (max-width: 120px) 100vw, 120px\" \/><\/a><\/figure><\/td><\/tr><tr><td class=\"has-text-align-center\" data-align=\"center\">Sylvie<br>LEBEAU<\/td><td class=\"has-text-align-center\" data-align=\"center\">Fabienne<br>LEY<\/td><td class=\"has-text-align-center\" data-align=\"center\">Martine<br>LOHR<\/td><td class=\"has-text-align-center\" data-align=\"center\">Lucien<br>LUXEMBOURG<\/td><\/tr><tr><td class=\"has-text-align-center\" data-align=\"center\"><img loading=\"lazy\" decoding=\"async\" width=\"120\" height=\"180\" class=\"wp-image-2197\" style=\"width: 120px;\" src=\"https:\/\/tah.asso.fr\/wp-content\/uploads\/2026\/04\/LUXEMBOURG-Simone.jpeg\" alt=\"\"><\/td><td class=\"has-text-align-center\" data-align=\"center\"><img loading=\"lazy\" decoding=\"async\" width=\"120\" height=\"80\" class=\"wp-image-2224\" style=\"width: 120px;\" src=\"https:\/\/tah.asso.fr\/wp-content\/uploads\/2026\/04\/MAYER-Corinne.jpg\" alt=\"\"><\/td><td class=\"has-text-align-center\" data-align=\"center\"><\/td><td class=\"has-text-align-center\" data-align=\"center\"><\/td><\/tr><tr><td class=\"has-text-align-center\" data-align=\"center\">Simone<br>LUXEMBOURG<\/td><td class=\"has-text-align-center\" data-align=\"center\">Corinne<br>MAYER<\/td><td class=\"has-text-align-center\" data-align=\"center\">Elisa<br>MAYER<\/td><td class=\"has-text-align-center\" data-align=\"center\">Emilie<br>MAYER<\/td><\/tr><tr><td class=\"has-text-align-center\" data-align=\"center\"><img loading=\"lazy\" decoding=\"async\" width=\"120\" height=\"80\" class=\"wp-image-2210\" style=\"width: 120px;\" src=\"https:\/\/tah.asso.fr\/wp-content\/uploads\/2026\/04\/MAYER-Gerard.jpg\" alt=\"\"><\/td><td class=\"has-text-align-center\" data-align=\"center\"><figure><a href=\"https:\/\/tah.asso.fr\/?attachment_id=1085\" rel=\"attachment wp-att-1085\"><img loading=\"lazy\" decoding=\"async\" width=\"120\" height=\"180\" class=\"alignnone wp-image-1085\" src=\"https:\/\/tah.asso.fr\/wp-content\/uploads\/2019\/01\/MAYER-Jean-Luc-e1548937850361-200x300.jpg\" alt=\"\" style=\"width: 120px;\" srcset=\"https:\/\/tah.asso.fr\/wp-content\/uploads\/2019\/01\/MAYER-Jean-Luc-e1548937850361-200x300.jpg 200w, https:\/\/tah.asso.fr\/wp-content\/uploads\/2019\/01\/MAYER-Jean-Luc-e1548937850361-768x1152.jpg 768w, https:\/\/tah.asso.fr\/wp-content\/uploads\/2019\/01\/MAYER-Jean-Luc-e1548937850361-683x1024.jpg 683w\" sizes=\"auto, (max-width: 120px) 100vw, 120px\" \/><\/a><\/figure><\/td><td class=\"has-text-align-center\" data-align=\"center\"><img loading=\"lazy\" decoding=\"async\" width=\"120\" height=\"80\" class=\"wp-image-2211\" style=\"width: 120px;\" src=\"https:\/\/tah.asso.fr\/wp-content\/uploads\/2026\/04\/MAYER-Nelly.jpg\" alt=\"\"><\/td><td class=\"has-text-align-center\" data-align=\"center\"><\/td><\/tr><tr><td class=\"has-text-align-center\" data-align=\"center\">G\u00e9rard<br>MAYER<\/td><td class=\"has-text-align-center\" data-align=\"center\">Jean-Luc<br>MAYER<\/td><td class=\"has-text-align-center\" data-align=\"center\">Nelly<br>MAYER<\/td><td class=\"has-text-align-center\" data-align=\"center\">Romain<br>MAYER<\/td><\/tr><tr><td class=\"has-text-align-center\" data-align=\"center\"><figure><a href=\"https:\/\/tah.asso.fr\/?attachment_id=1087\" rel=\"attachment wp-att-1087\"><img loading=\"lazy\" decoding=\"async\" width=\"120\" height=\"173\" class=\"alignnone wp-image-1087\" src=\"https:\/\/tah.asso.fr\/wp-content\/uploads\/2019\/01\/MEGEL-Emmanuel-208x300.jpg\" alt=\"\" style=\"width: 120px;\" srcset=\"https:\/\/tah.asso.fr\/wp-content\/uploads\/2019\/01\/MEGEL-Emmanuel-208x300.jpg 208w, https:\/\/tah.asso.fr\/wp-content\/uploads\/2019\/01\/MEGEL-Emmanuel-768x1108.jpg 768w, https:\/\/tah.asso.fr\/wp-content\/uploads\/2019\/01\/MEGEL-Emmanuel-710x1024.jpg 710w\" sizes=\"auto, (max-width: 120px) 100vw, 120px\" \/><\/a><\/figure><\/td><td class=\"has-text-align-center\" data-align=\"center\"><img loading=\"lazy\" decoding=\"async\" width=\"120\" height=\"180\" class=\"wp-image-2212\" style=\"width: 120px;\" src=\"https:\/\/tah.asso.fr\/wp-content\/uploads\/2026\/04\/MEYER-Christian-1.jpg\" alt=\"\"><\/td><td class=\"has-text-align-center\" data-align=\"center\"><img loading=\"lazy\" decoding=\"async\" width=\"120\" height=\"180\" class=\"wp-image-2199\" style=\"width: 120px;\" src=\"https:\/\/tah.asso.fr\/wp-content\/uploads\/2026\/04\/RISCH-Evelyne.jpg\" alt=\"\"><\/td><td class=\"has-text-align-center\" data-align=\"center\"><figure><a href=\"https:\/\/tah.asso.fr\/?attachment_id=1906\" rel=\"attachment wp-att-1906\"><img loading=\"lazy\" decoding=\"async\" width=\"120\" height=\"180\" class=\"alignnone  wp-image-1906\" src=\"https:\/\/tah.asso.fr\/wp-content\/uploads\/2024\/10\/RISCH-Sebastien.jpg\" alt=\"\" style=\"width: 120px;\"><\/a><\/figure><\/td><\/tr><tr><td class=\"has-text-align-center\" data-align=\"center\">Emmanuel<br>MEGEL<\/td><td class=\"has-text-align-center\" data-align=\"center\">Christian<br>MEYER<\/td><td class=\"has-text-align-center\" data-align=\"center\">Evelyne<br>RISCH<\/td><td class=\"has-text-align-center\" data-align=\"center\">S\u00e9bastien<br>RISCH<\/td><\/tr><tr><td class=\"has-text-align-center\" data-align=\"center\"><figure><a href=\"https:\/\/tah.asso.fr\/?attachment_id=1094\" rel=\"attachment wp-att-1094\"><img loading=\"lazy\" decoding=\"async\" width=\"120\" height=\"180\" class=\"alignnone wp-image-1094\" src=\"https:\/\/tah.asso.fr\/wp-content\/uploads\/2019\/01\/RISCH-St\u00e9phanie-e1548938104316-200x300.jpg\" alt=\"\" style=\"width: 120px;\" srcset=\"https:\/\/tah.asso.fr\/wp-content\/uploads\/2019\/01\/RISCH-St\u00e9phanie-e1548938104316-200x300.jpg 200w, https:\/\/tah.asso.fr\/wp-content\/uploads\/2019\/01\/RISCH-St\u00e9phanie-e1548938104316-768x1152.jpg 768w, https:\/\/tah.asso.fr\/wp-content\/uploads\/2019\/01\/RISCH-St\u00e9phanie-e1548938104316-683x1024.jpg 683w\" sizes=\"auto, (max-width: 120px) 100vw, 120px\" \/><\/a><\/figure><\/td><td class=\"has-text-align-center\" data-align=\"center\"><img loading=\"lazy\" decoding=\"async\" width=\"120\" height=\"80\" class=\"wp-image-2207\" style=\"width: 120px;\" src=\"https:\/\/tah.asso.fr\/wp-content\/uploads\/2026\/04\/RISCHMANN-Beatrice.jpg\" alt=\"\"><\/td><td class=\"has-text-align-center\" data-align=\"center\"><figure><a href=\"https:\/\/tah.asso.fr\/?attachment_id=1097\" rel=\"attachment wp-att-1097\"><img loading=\"lazy\" decoding=\"async\" width=\"130\" height=\"178\" class=\"alignnone wp-image-1097\" src=\"https:\/\/tah.asso.fr\/wp-content\/uploads\/2019\/01\/RISCHMANN-Claude-219x300.jpg\" alt=\"\" style=\"width: 130px;\" srcset=\"https:\/\/tah.asso.fr\/wp-content\/uploads\/2019\/01\/RISCHMANN-Claude-219x300.jpg 219w, https:\/\/tah.asso.fr\/wp-content\/uploads\/2019\/01\/RISCHMANN-Claude-768x1052.jpg 768w, https:\/\/tah.asso.fr\/wp-content\/uploads\/2019\/01\/RISCHMANN-Claude-748x1024.jpg 748w\" sizes=\"auto, (max-width: 130px) 100vw, 130px\" \/><\/a><\/figure><\/td><td class=\"has-text-align-center\" data-align=\"center\"><figure><a href=\"https:\/\/tah.asso.fr\/?attachment_id=1098\" rel=\"attachment wp-att-1098\"><img loading=\"lazy\" decoding=\"async\" width=\"120\" height=\"180\" class=\"alignnone wp-image-1098\" src=\"https:\/\/tah.asso.fr\/wp-content\/uploads\/2019\/01\/ROTH-Christian-e1548938191283-200x300.jpg\" alt=\"\" style=\"width: 120px;\" srcset=\"https:\/\/tah.asso.fr\/wp-content\/uploads\/2019\/01\/ROTH-Christian-e1548938191283-200x300.jpg 200w, https:\/\/tah.asso.fr\/wp-content\/uploads\/2019\/01\/ROTH-Christian-e1548938191283-768x1152.jpg 768w, https:\/\/tah.asso.fr\/wp-content\/uploads\/2019\/01\/ROTH-Christian-e1548938191283-683x1024.jpg 683w\" sizes=\"auto, (max-width: 120px) 100vw, 120px\" \/><\/a><\/figure><\/td><\/tr><tr><td class=\"has-text-align-center\" data-align=\"center\">St\u00e9phanie<br>RISCH<\/td><td class=\"has-text-align-center\" data-align=\"center\">B\u00e9atrice<br>RISCHMANN<\/td><td class=\"has-text-align-center\" data-align=\"center\">Claude<br>RISCHMANN<\/td><td class=\"has-text-align-center\" data-align=\"center\">Christian<br>ROTH<\/td><\/tr><tr><td class=\"has-text-align-center\" data-align=\"center\"><img loading=\"lazy\" decoding=\"async\" width=\"120\" height=\"180\" class=\"wp-image-2200\" style=\"width: 120px;\" src=\"https:\/\/tah.asso.fr\/wp-content\/uploads\/2026\/04\/ROTH-Michele.jpeg\" alt=\"\"><\/td><td class=\"has-text-align-center\" data-align=\"center\"><img loading=\"lazy\" decoding=\"async\" width=\"120\" height=\"180\" class=\"wp-image-2201\" style=\"width: 120px;\" src=\"https:\/\/tah.asso.fr\/wp-content\/uploads\/2026\/04\/ROTH-Raymonde.jpeg\" alt=\"\"><\/td><td class=\"has-text-align-center\" data-align=\"center\"><img loading=\"lazy\" decoding=\"async\" width=\"120\" height=\"80\" class=\"wp-image-2208\" style=\"width: 120px;\" src=\"https:\/\/tah.asso.fr\/wp-content\/uploads\/2026\/04\/SCHAFER-Cindy.jpg\" alt=\"\"><\/td><td class=\"has-text-align-center\" data-align=\"center\"><img loading=\"lazy\" decoding=\"async\" width=\"120\" height=\"80\" class=\"wp-image-2233\" style=\"width: 120px;\" src=\"https:\/\/tah.asso.fr\/wp-content\/uploads\/2026\/04\/SCHAFER-Victor-1.jpg\" alt=\"\"><\/td><\/tr><tr><td class=\"has-text-align-center\" data-align=\"center\">Mich\u00e8le<br>ROTH<\/td><td class=\"has-text-align-center\" data-align=\"center\">Raymonde<br>ROTH<\/td><td class=\"has-text-align-center\" data-align=\"center\">Cindy<br>SCH\u00c4FER<\/td><td class=\"has-text-align-center\" data-align=\"center\">Victor<br>SCH\u00c4FER<\/td><\/tr><tr><td class=\"has-text-align-center\" data-align=\"center\"><figure><a href=\"https:\/\/tah.asso.fr\/?attachment_id=1915\" rel=\"attachment wp-att-1915\"><img loading=\"lazy\" decoding=\"async\" width=\"120\" height=\"180\" class=\"alignnone  wp-image-1915\" src=\"https:\/\/tah.asso.fr\/wp-content\/uploads\/2024\/10\/SCHNEIDER-Clemence.jpg\" alt=\"\" style=\"width: 120px;\"><\/a><\/figure><\/td><td class=\"has-text-align-center\" data-align=\"center\"><img loading=\"lazy\" decoding=\"async\" width=\"120\" height=\"180\" class=\"wp-image-2202\" style=\"width: 120px;\" src=\"https:\/\/tah.asso.fr\/wp-content\/uploads\/2026\/04\/SCHNEIDER-Fabienne.jpeg\" alt=\"\"><\/td><td class=\"has-text-align-center\" data-align=\"center\"><img loading=\"lazy\" decoding=\"async\" width=\"120\" height=\"180\" class=\"wp-image-2203\" style=\"width: 120px;\" src=\"https:\/\/tah.asso.fr\/wp-content\/uploads\/2026\/04\/SCHNEIDER-Olivier.jpeg\" alt=\"\"><\/td><td class=\"has-text-align-center\" data-align=\"center\"><figure><a href=\"https:\/\/tah.asso.fr\/?attachment_id=1918\" rel=\"attachment wp-att-1918\"><img loading=\"lazy\" decoding=\"async\" width=\"120\" height=\"80\" class=\"alignnone  wp-image-1918\" src=\"https:\/\/tah.asso.fr\/wp-content\/uploads\/2024\/10\/SIEDEL-Dominique.jpg\" alt=\"\" style=\"width: 120px;\"><\/a><\/figure><\/td><\/tr><tr><td class=\"has-text-align-center\" data-align=\"center\">Cl\u00e9mence<br>SCHNEIDER<\/td><td class=\"has-text-align-center\" data-align=\"center\">Fabienne<br>SCHNEIDER<\/td><td class=\"has-text-align-center\" data-align=\"center\">Olivier<br>SCHNEIDER<\/td><td class=\"has-text-align-center\" data-align=\"center\">Dominique<br>SIEDEL<\/td><\/tr><tr><td class=\"has-text-align-center\" data-align=\"center\"><img loading=\"lazy\" decoding=\"async\" width=\"120\" height=\"180\" class=\"wp-image-2204\" style=\"width: 120px;\" src=\"https:\/\/tah.asso.fr\/wp-content\/uploads\/2026\/04\/SIEDEL-Margaux.jpg\" alt=\"\"><\/td><td class=\"has-text-align-center\" data-align=\"center\"><img loading=\"lazy\" decoding=\"async\" width=\"120\" height=\"180\" class=\"wp-image-2205\" style=\"width: 120px;\" src=\"https:\/\/tah.asso.fr\/wp-content\/uploads\/2026\/04\/SIEDEL-Thomas.jpeg\" alt=\"\"><\/td><td class=\"has-text-align-center\" data-align=\"center\"><figure><a href=\"https:\/\/tah.asso.fr\/?attachment_id=1921\" rel=\"attachment wp-att-1921\"><img loading=\"lazy\" decoding=\"async\" width=\"120\" height=\"180\" class=\"alignnone  wp-image-1921\" src=\"https:\/\/tah.asso.fr\/wp-content\/uploads\/2024\/10\/SIEDEL-Virginie.jpg\" alt=\"\" style=\"width: 120px;\"><\/a><\/figure><\/td><td class=\"has-text-align-center\" data-align=\"center\"><\/td><\/tr><tr><td class=\"has-text-align-center\" data-align=\"center\">Margaux<br>SIEDEL<\/td><td class=\"has-text-align-center\" data-align=\"center\">Thomas<br>SIEDEL<\/td><td class=\"has-text-align-center\" data-align=\"center\">Virginie<br>SIEDEL<\/td><td class=\"has-text-align-center\" data-align=\"center\"><\/td><\/tr><\/tbody><\/table><\/figure>\n<\/div>\n<\/div>\n","protected":false},"excerpt":{"rendered":"<p>Notre troupe compte environ une soixantaine de membres. DenisBECK SylvieBECK Ren\u00e9BECKER EtienneDEUTSCHMANN &nbsp; IsabelleDEUTSCHMANN AlphonseFENNINGER Marie-Th\u00e9r\u00e8seFENNINGER Aur\u00e9lieGELDREICH FlorianGELDREICH Jean-JacquesGELDREICH Marie-ReineGELDREICH MarineGELDREICH &nbsp; &nbsp; CatherineHELLER MartinHELLER R\u00e9gisHELLER DavidHOERNEL &nbsp; No\u00e9mieHOERNEL DamienKERN DominiqueKERN Anne-MarieKIEFER Jos\u00e9KIEFER R\u00e9gineKLEINMANN Jean-PierreKNAUBERT RolandLEBEAU SylvieLEBEAU FabienneLEY MartineLOHR LucienLUXEMBOURG SimoneLUXEMBOURG CorinneMAYER ElisaMAYER EmilieMAYER G\u00e9rardMAYER Jean-LucMAYER NellyMAYER RomainMAYER EmmanuelMEGEL ChristianMEYER EvelyneRISCH S\u00e9bastienRISCH St\u00e9phanieRISCH B\u00e9atriceRISCHMANN ClaudeRISCHMANN &hellip; <\/p>\n<p><a class=\"more-link btn\" href=\"https:\/\/tah.asso.fr\/?page_id=12\">Lire la suite<\/a><\/p>\n","protected":false},"author":1,"featured_media":0,"parent":0,"menu_order":1,"comment_status":"open","ping_status":"open","template":"","meta":{"footnotes":""},"class_list":["post-12","page","type-page","status-publish","hentry","nodate","item-wrap"],"aioseo_notices":[],"_links":{"self":[{"href":"https:\/\/tah.asso.fr\/index.php?rest_route=\/wp\/v2\/pages\/12","targetHints":{"allow":["GET"]}}],"collection":[{"href":"https:\/\/tah.asso.fr\/index.php?rest_route=\/wp\/v2\/pages"}],"about":[{"href":"https:\/\/tah.asso.fr\/index.php?rest_route=\/wp\/v2\/types\/page"}],"author":[{"embeddable":true,"href":"https:\/\/tah.asso.fr\/index.php?rest_route=\/wp\/v2\/users\/1"}],"replies":[{"embeddable":true,"href":"https:\/\/tah.asso.fr\/index.php?rest_route=%2Fwp%2Fv2%2Fcomments&post=12"}],"version-history":[{"count":144,"href":"https:\/\/tah.asso.fr\/index.php?rest_route=\/wp\/v2\/pages\/12\/revisions"}],"predecessor-version":[{"id":2254,"href":"https:\/\/tah.asso.fr\/index.php?rest_route=\/wp\/v2\/pages\/12\/revisions\/2254"}],"wp:attachment":[{"href":"https:\/\/tah.asso.fr\/index.php?rest_route=%2Fwp%2Fv2%2Fmedia&parent=12"}],"curies":[{"name":"wp","href":"https:\/\/api.w.org\/{rel}","templated":true}]}}