{"id":14,"date":"2014-03-27T10:34:49","date_gmt":"2014-03-27T09:34:49","guid":{"rendered":"http:\/\/cows.m0o.eu\/tah.asso.fr\/?page_id=14"},"modified":"2026-04-14T15:18:27","modified_gmt":"2026-04-14T14:18:27","slug":"historique-des-pieces","status":"publish","type":"page","link":"https:\/\/tah.asso.fr\/?page_id=14","title":{"rendered":"Pi\u00e8ces"},"content":{"rendered":"<p>Voici la liste des pi\u00e8ces que la troupe a jou\u00e9 au cours de nos 50 ans d&rsquo;existence:<\/p>\n<ol>\n<li>1977-1978: <strong>D&rsquo;r Kalojmes<\/strong> de P. KNARR<\/li>\n<li>1978-1979: <strong>Hit wird g&rsquo;erbt<\/strong>\u00a0de F. WILLENBUCHER<\/li>\n<li>1979-1980: <strong>De Trachteverein<\/strong> de C. NAAS &amp;\u00a0<strong>D&rsquo;schwartz Katz<\/strong>\u00a0de F. WILLENBUCHER<\/li>\n<li>1980-1981: <strong>So e Liejer!<\/strong> de E. WEBER &amp;\u00a0<strong>D&rsquo;Hostellerie \u00ab\u00a0zum Polnische<\/strong> <strong>Hof\u00a0\u00bb<\/strong> de C. NAAS<\/li>\n<li>1981-1982: <strong>D&rsquo;Friejohrsonn<\/strong>\u00a0de J.-P. ZIMMERMERLIN &amp;\u00a0<strong>D&rsquo;Hussare Hochzittere<\/strong> de C. NAAS<\/li>\n<li>1982-1983: <strong>Pfeffer, Saltz&#8230; un Muschketnuss<\/strong> de E. WEBER &amp;\u00a0<strong>Gauner synphonie<\/strong> de R. WEISSENBURGER<\/li>\n<li>1983-1984: <strong>D&rsquo;r Polnisch Judd<\/strong> de E. ERCKMANN et A. CHATRIAN &amp; <strong>Tee und kaltes Fleisch<\/strong> de H. DREIKHAUS<\/li>\n<li>1984-1985: <strong>S&rsquo;Kundschtmoler Trio<\/strong> de C. NAAS &amp; <strong>Kirsch un Kern<\/strong> de L. BENDER<\/li>\n<li>1985-1986: \u00a0<strong>D&rsquo;Feriepension Waldesfreid<\/strong> de C. NAAS\u00a0 &amp; <strong>De Doppeldecker<\/strong> de R. WEISSENBURGER<\/li>\n<li>1986-1987: <strong>Dz Pfarrh\u00fcssengel<\/strong> de R. STROH &amp;\u00a0<strong>Lieb&rsquo;s Schtr\u00fcpferle<\/strong> de R. WEISSENBURGER<\/li>\n<li>1987-1988:<strong> D&rsquo;Hostellerie \u00ab\u00a0zum Polnische Hof\u00a0\u00bb<\/strong> de C. NAAS<\/li>\n<li>1988-1989: <strong>S&rsquo;Storigenescht<\/strong> de C. DREYER<\/li>\n<li>1989-1990:\u00a0<strong>S&rsquo;Frieda \u00fcs der Krone<\/strong> de R. ROSENBLATT<\/li>\n<li>1990-1991:\u00a0<strong>Der President kommt z&rsquo;Visite<\/strong> de R. ROSENBLATT<\/li>\n<li>1991-1992: <strong>Babbegaj un Polizej<\/strong> de M. SCHL\u00dcSSEL-OBRECHT<\/li>\n<li>1992-1993: <strong>Unser Maire isch e Gauner<\/strong> de F. WILLENBUCHER<\/li>\n<li>1993-1994: <strong>D&rsquo;Fameli Hannemann<\/strong> de M. REIMANN\u00a0 et O. SCHWARTZ<\/li>\n<li>1994-1995: <strong>Mir sin halt eso!<\/strong>\u00a0de F. WILLENBUCHER<\/li>\n<li>1995-1996: <strong>Alleluja, hit isch Oschtere<\/strong> de R. WEISSENBURGER<\/li>\n<li>1996-1997: <strong>Week end em Paradies<\/strong> de F. ARNOLD et E. BACH<\/li>\n<li>1997-1998: <strong>D&rsquo;r Unschuldig Faj\u00f4ler<\/strong> de M. SCHUTZ<\/li>\n<li>1998-1999:<strong> D&rsquo;Ha\u00efschreck vum Tivoli<\/strong> de M. SCHUTZ<\/li>\n<li>1999-2000: <strong>D&rsquo;r Wend speelt mit d&rsquo;r cabinet deer!!<\/strong>\u00a0de M. SCHUTZ<\/li>\n<li>2000-2001: <strong>Millione uf ein Schlaa&#8230;<\/strong> de F. LONG<\/li>\n<li>2001-2002: <strong>De Pfetter un sini Frau<\/strong> de B. EIBEL<\/li>\n<li>2002-2003: <strong>Kenn M\u00fcckser sunscht knallt&rsquo;s<\/strong>\u00a0de M. SCHUTZ<\/li>\n<li>2003-2004: <strong>Arriba Margarita!<\/strong> de D. PFEIFFER<\/li>\n<li>2004-2005: <strong>Zehn kleini Negerle<\/strong> de L. FISCHER<\/li>\n<li>2005-2006: <strong>Von eim zum andere<\/strong> de A. LAURENT &amp;<strong> D&rsquo;r Karfridaa<\/strong> de R. WEISSENBURGER<\/li>\n<li>2006-2007: <strong>Lily<\/strong> de M. SCHUSSEL-OBRECHT<\/li>\n<li>2007-2008: <strong>Rennerei im Spitaal<\/strong> de A. LAURENT<\/li>\n<li>2008-2009: <strong>Ebbs met Epices<\/strong> de de A. LAURENT &amp; <strong>Schuldig oder net Schuldig<\/strong> de\u00a0C. ROTH<\/li>\n<li>2009-2010: <strong>Alles in Ordnung ? <\/strong>de A. LAURENT<\/li>\n<li>2010-2011: <strong>E Dirmel am Disch<\/strong> de R. STROH<\/li>\n<li>2011-2012: <strong>Millione uf ein Schlaa&#8230;<\/strong> de F. LONG &amp; <strong>S&rsquo;Gst\u00e4ndnis<\/strong> de C. ROYER<\/li>\n<li>2012-2013: <strong>E Siesser Wahnsinn<\/strong> de M. MCKEEVER<\/li>\n<li>2013-2014: <strong>S\u00e4sseldanz<\/strong> de J. STOECKEL<\/li>\n<li>2014-2015: <strong>G&rsquo;Schnappt im Netz<\/strong> de A. LAURENT<\/li>\n<li>2015-2016: <strong>Versteckerles-Spiel<\/strong> de J. STOECKEL &amp; <strong>Un dann blieht kenn&rsquo;s meh<\/strong> de L. FISCHER<\/li>\n<li>2016-2017: <strong>Wenn sie&rsquo;s erlauwe<\/strong> de A. LAURENT<\/li>\n<li>2017-2018: <strong>Minni Mamme esch e Panda<\/strong> de C. ROTH<\/li>\n<li>2018-2019: <strong>Rutsch ins Bett<\/strong> de A. LAURENT<\/li>\n<li>2019-2020: <strong>Pouic-Pouic<\/strong> de C. ROTH<\/li>\n<li>2020-2021: SAISON ANNUL\u00c9E<\/li>\n<li>2021-2022: <strong>Siesser Sturm em Minischterium\u00a0<\/strong> de C. HERMANN<\/li>\n<li>2022-2023: <strong>Schtir frej <\/strong>de C. ROTH<\/li>\n<li>2023-2024: <strong>Traum ferie <\/strong>de C. ROTH<\/li>\n<li>2024-2025: <strong>Toc Toc<\/strong> de C. WELLY<\/li>\n<li>2025-2026: <strong>Hibernatus<\/strong> de C. ROTH<\/li>\n<li>2026-2027: <strong>Kenn Panik es br\u00e4nnt!<\/strong> de C. ROTH<\/li>\n<\/ol>\n","protected":false},"excerpt":{"rendered":"<p>Voici la liste des pi\u00e8ces que la troupe a jou\u00e9 au cours de nos 50 ans d&rsquo;existence: 1977-1978: D&rsquo;r Kalojmes de P. KNARR 1978-1979: Hit wird g&rsquo;erbt\u00a0de F. WILLENBUCHER 1979-1980: De Trachteverein de C. NAAS &amp;\u00a0D&rsquo;schwartz Katz\u00a0de F. WILLENBUCHER 1980-1981: So e Liejer! de E. WEBER &amp;\u00a0D&rsquo;Hostellerie \u00ab\u00a0zum Polnische Hof\u00a0\u00bb de C. NAAS 1981-1982: D&rsquo;Friejohrsonn\u00a0de &hellip; <\/p>\n<p><a class=\"more-link btn\" href=\"https:\/\/tah.asso.fr\/?page_id=14\">Lire la suite<\/a><\/p>\n","protected":false},"author":1,"featured_media":0,"parent":0,"menu_order":1,"comment_status":"open","ping_status":"open","template":"","meta":{"footnotes":""},"class_list":["post-14","page","type-page","status-publish","hentry","nodate","item-wrap"],"aioseo_notices":[],"_links":{"self":[{"href":"https:\/\/tah.asso.fr\/index.php?rest_route=\/wp\/v2\/pages\/14","targetHints":{"allow":["GET"]}}],"collection":[{"href":"https:\/\/tah.asso.fr\/index.php?rest_route=\/wp\/v2\/pages"}],"about":[{"href":"https:\/\/tah.asso.fr\/index.php?rest_route=\/wp\/v2\/types\/page"}],"author":[{"embeddable":true,"href":"https:\/\/tah.asso.fr\/index.php?rest_route=\/wp\/v2\/users\/1"}],"replies":[{"embeddable":true,"href":"https:\/\/tah.asso.fr\/index.php?rest_route=%2Fwp%2Fv2%2Fcomments&post=14"}],"version-history":[{"count":22,"href":"https:\/\/tah.asso.fr\/index.php?rest_route=\/wp\/v2\/pages\/14\/revisions"}],"predecessor-version":[{"id":2142,"href":"https:\/\/tah.asso.fr\/index.php?rest_route=\/wp\/v2\/pages\/14\/revisions\/2142"}],"wp:attachment":[{"href":"https:\/\/tah.asso.fr\/index.php?rest_route=%2Fwp%2Fv2%2Fmedia&parent=14"}],"curies":[{"name":"wp","href":"https:\/\/api.w.org\/{rel}","templated":true}]}}